{"id":62,"date":"2021-01-10T19:41:36","date_gmt":"2021-01-11T00:41:36","guid":{"rendered":"http:\/\/192.168.10.60\/wordpress\/?page_id=62"},"modified":"2021-01-17T00:00:30","modified_gmt":"2021-01-17T05:00:30","slug":"mantenimientos-equipos","status":"publish","type":"page","link":"https:\/\/serviciosysolucionesti.com\/index.php\/mantenimientos-equipos\/","title":{"rendered":"Mantenimientos Equipos"},"content":{"rendered":"\n<p>Los computadores, port\u00e1tiles y servidores tienen una gran labor diaria que nos facilita desarrollar nuestras actividades diarias del trabajo. Estos equipos al trabajar noche y d\u00eda tienen a bloquear, ralentizar o a hacer ruidos extra\u00f1os, son s\u00edntomas de que debemos estar atentos ya que nuestro equipo necesita un mantenimiento preventivo o correctivo para prevenir fallas futuras.<\/p>\n\n\n\n<p>Ofrecemos el mejor servicio de mantenimiento a computadores y servidores para corregir estas fallas eventuales.<\/p>\n\n\n\n<p><strong>Computadores<\/strong><\/p>\n\n\n\n<figure class=\"wp-block-image size-large\"><img data-recalc-dims=\"1\" loading=\"lazy\" decoding=\"async\" width=\"300\" height=\"199\" src=\"https:\/\/i0.wp.com\/serviciosysolucionesti.com\/wp-content\/uploads\/2021\/01\/laptop.png?resize=300%2C199\" alt=\"\" class=\"wp-image-66\"\/><\/figure>\n","protected":false},"excerpt":{"rendered":"<p>Los computadores, port\u00e1tiles y servidores tienen una gran labor diaria que nos facilita desarrollar nuestras actividades diarias del trabajo. Estos equipos al trabajar noche y d\u00eda tienen a bloquear, ralentizar o a hacer ruidos extra\u00f1os, son s\u00edntomas de que debemos estar atentos ya que nuestro equipo necesita un mantenimiento preventivo o correctivo para prevenir fallas &hellip; <\/p>\n<p class=\"link-more\"><a href=\"https:\/\/serviciosysolucionesti.com\/index.php\/mantenimientos-equipos\/\" class=\"more-link\">Continuar leyendo<span class=\"screen-reader-text\"> &#8220;Mantenimientos Equipos&#8221;<\/span><\/a><\/p>\n","protected":false},"author":1,"featured_media":0,"parent":0,"menu_order":0,"comment_status":"closed","ping_status":"closed","template":"","meta":{"footnotes":""},"class_list":["post-62","page","type-page","status-publish","hentry"],"jetpack_sharing_enabled":true,"_links":{"self":[{"href":"https:\/\/serviciosysolucionesti.com\/index.php\/wp-json\/wp\/v2\/pages\/62","targetHints":{"allow":["GET"]}}],"collection":[{"href":"https:\/\/serviciosysolucionesti.com\/index.php\/wp-json\/wp\/v2\/pages"}],"about":[{"href":"https:\/\/serviciosysolucionesti.com\/index.php\/wp-json\/wp\/v2\/types\/page"}],"author":[{"embeddable":true,"href":"https:\/\/serviciosysolucionesti.com\/index.php\/wp-json\/wp\/v2\/users\/1"}],"replies":[{"embeddable":true,"href":"https:\/\/serviciosysolucionesti.com\/index.php\/wp-json\/wp\/v2\/comments?post=62"}],"version-history":[{"count":3,"href":"https:\/\/serviciosysolucionesti.com\/index.php\/wp-json\/wp\/v2\/pages\/62\/revisions"}],"predecessor-version":[{"id":73,"href":"https:\/\/serviciosysolucionesti.com\/index.php\/wp-json\/wp\/v2\/pages\/62\/revisions\/73"}],"wp:attachment":[{"href":"https:\/\/serviciosysolucionesti.com\/index.php\/wp-json\/wp\/v2\/media?parent=62"}],"curies":[{"name":"wp","href":"https:\/\/api.w.org\/{rel}","templated":true}]}}