{"id":29,"date":"2021-01-10T18:45:59","date_gmt":"2021-01-10T23:45:59","guid":{"rendered":"http:\/\/192.168.10.60\/wordpress\/?page_id=29"},"modified":"2021-01-17T01:06:45","modified_gmt":"2021-01-17T06:06:45","slug":"servicios","status":"publish","type":"page","link":"https:\/\/serviciosysolucionesti.com\/index.php\/servicios\/","title":{"rendered":"Servicios"},"content":{"rendered":"\n<p>Nuestros servicios son orientados a dar soluciones inform\u00e1ticas en su compa\u00f1\u00eda. Puede contar con asesor\u00edas e implementacion.<\/p>\n\n\n\n<ul class=\"wp-block-list\"><li>Seguridad Perimetral &#8211; Firewall<\/li><li>Servidor de Archivos<\/li><li>Implementacion de Directorios Activos.<\/li><li>Mantenimientos Equipos y Servidores.<\/li><li>Monitoreo  estados de servidores 24\/7<\/li><li>Implementacion de mesas de ayudas.<\/li><li>Soluciones de respaldos<\/li><\/ul>\n\n\n\n<p><\/p>\n","protected":false},"excerpt":{"rendered":"<p>Nuestros servicios son orientados a dar soluciones inform\u00e1ticas en su compa\u00f1\u00eda. Puede contar con asesor\u00edas e implementacion. Seguridad Perimetral &#8211; Firewall Servidor de Archivos Implementacion de Directorios Activos. Mantenimientos Equipos y Servidores. Monitoreo estados de servidores 24\/7 Implementacion de mesas de ayudas. Soluciones de respaldos<\/p>\n","protected":false},"author":1,"featured_media":0,"parent":0,"menu_order":0,"comment_status":"closed","ping_status":"closed","template":"","meta":{"footnotes":""},"class_list":["post-29","page","type-page","status-publish","hentry"],"jetpack_sharing_enabled":true,"_links":{"self":[{"href":"https:\/\/serviciosysolucionesti.com\/index.php\/wp-json\/wp\/v2\/pages\/29","targetHints":{"allow":["GET"]}}],"collection":[{"href":"https:\/\/serviciosysolucionesti.com\/index.php\/wp-json\/wp\/v2\/pages"}],"about":[{"href":"https:\/\/serviciosysolucionesti.com\/index.php\/wp-json\/wp\/v2\/types\/page"}],"author":[{"embeddable":true,"href":"https:\/\/serviciosysolucionesti.com\/index.php\/wp-json\/wp\/v2\/users\/1"}],"replies":[{"embeddable":true,"href":"https:\/\/serviciosysolucionesti.com\/index.php\/wp-json\/wp\/v2\/comments?post=29"}],"version-history":[{"count":3,"href":"https:\/\/serviciosysolucionesti.com\/index.php\/wp-json\/wp\/v2\/pages\/29\/revisions"}],"predecessor-version":[{"id":110,"href":"https:\/\/serviciosysolucionesti.com\/index.php\/wp-json\/wp\/v2\/pages\/29\/revisions\/110"}],"wp:attachment":[{"href":"https:\/\/serviciosysolucionesti.com\/index.php\/wp-json\/wp\/v2\/media?parent=29"}],"curies":[{"name":"wp","href":"https:\/\/api.w.org\/{rel}","templated":true}]}}