{"id":104,"date":"2021-01-17T00:57:37","date_gmt":"2021-01-17T05:57:37","guid":{"rendered":"http:\/\/serviciosysolucionesti.com\/?page_id=104"},"modified":"2021-01-17T00:57:37","modified_gmt":"2021-01-17T05:57:37","slug":"recuperacion-de-datos","status":"publish","type":"page","link":"https:\/\/serviciosysolucionesti.com\/index.php\/recuperacion-de-datos\/","title":{"rendered":"Recuperaci\u00f3n de Datos"},"content":{"rendered":"\n<p>Hoy en d\u00eda el valor de la informaci\u00f3n es muy valioso por eso ofrecemos este servicio porque es mas frecuente la perdida de la informaci\u00f3n por fallos comunes por ejemplo virus, fallos mec\u00e1nicos y fallos f\u00edsicos.<\/p>\n\n\n\n<figure class=\"wp-block-image size-large\"><img data-recalc-dims=\"1\" loading=\"lazy\" decoding=\"async\" width=\"525\" height=\"228\" src=\"https:\/\/i0.wp.com\/serviciosysolucionesti.com\/wp-content\/uploads\/2021\/01\/recoverydisk.jpg?resize=525%2C228\" alt=\"\" class=\"wp-image-105\" srcset=\"https:\/\/i0.wp.com\/serviciosysolucionesti.com\/wp-content\/uploads\/2021\/01\/recoverydisk.jpg?w=690&amp;ssl=1 690w, https:\/\/i0.wp.com\/serviciosysolucionesti.com\/wp-content\/uploads\/2021\/01\/recoverydisk.jpg?resize=300%2C130&amp;ssl=1 300w\" sizes=\"auto, (max-width: 525px) 100vw, 525px\" \/><\/figure>\n\n\n\n<p><\/p>\n","protected":false},"excerpt":{"rendered":"<p>Hoy en d\u00eda el valor de la informaci\u00f3n es muy valioso por eso ofrecemos este servicio porque es mas frecuente la perdida de la informaci\u00f3n por fallos comunes por ejemplo virus, fallos mec\u00e1nicos y fallos f\u00edsicos.<\/p>\n","protected":false},"author":1,"featured_media":0,"parent":0,"menu_order":0,"comment_status":"closed","ping_status":"closed","template":"","meta":{"footnotes":""},"class_list":["post-104","page","type-page","status-publish","hentry"],"jetpack_sharing_enabled":true,"_links":{"self":[{"href":"https:\/\/serviciosysolucionesti.com\/index.php\/wp-json\/wp\/v2\/pages\/104","targetHints":{"allow":["GET"]}}],"collection":[{"href":"https:\/\/serviciosysolucionesti.com\/index.php\/wp-json\/wp\/v2\/pages"}],"about":[{"href":"https:\/\/serviciosysolucionesti.com\/index.php\/wp-json\/wp\/v2\/types\/page"}],"author":[{"embeddable":true,"href":"https:\/\/serviciosysolucionesti.com\/index.php\/wp-json\/wp\/v2\/users\/1"}],"replies":[{"embeddable":true,"href":"https:\/\/serviciosysolucionesti.com\/index.php\/wp-json\/wp\/v2\/comments?post=104"}],"version-history":[{"count":1,"href":"https:\/\/serviciosysolucionesti.com\/index.php\/wp-json\/wp\/v2\/pages\/104\/revisions"}],"predecessor-version":[{"id":106,"href":"https:\/\/serviciosysolucionesti.com\/index.php\/wp-json\/wp\/v2\/pages\/104\/revisions\/106"}],"wp:attachment":[{"href":"https:\/\/serviciosysolucionesti.com\/index.php\/wp-json\/wp\/v2\/media?parent=104"}],"curies":[{"name":"wp","href":"https:\/\/api.w.org\/{rel}","templated":true}]}}